{"id":212,"date":"2021-12-16T16:40:59","date_gmt":"2021-12-16T15:40:59","guid":{"rendered":"https:\/\/db.hr\/sinoda\/?page_id=212"},"modified":"2022-01-10T15:20:37","modified_gmt":"2022-01-10T14:20:37","slug":"materijali","status":"publish","type":"page","link":"https:\/\/db.hr\/sinoda\/materijali\/","title":{"rendered":"Materijali"},"content":{"rendered":"\t\t<div data-elementor-type=\"wp-page\" data-elementor-id=\"212\" class=\"elementor elementor-212\" data-elementor-settings=\"[]\">\n\t\t\t\t\t\t\t<div class=\"elementor-section-wrap\">\n\t\t\t\t\t\t\t<section class=\"elementor-section elementor-top-section elementor-element elementor-element-736986a4 elementor-section-height-min-height elementor-section-boxed elementor-section-height-default elementor-section-items-middle\" data-id=\"736986a4\" data-element_type=\"section\" data-settings=\"{&quot;background_background&quot;:&quot;classic&quot;}\">\n\t\t\t\t\t\t\t<div class=\"elementor-background-overlay\"><\/div>\n\t\t\t\t\t\t\t<div class=\"elementor-container elementor-column-gap-default\">\n\t\t\t\t\t<div class=\"elementor-column elementor-col-100 elementor-top-column elementor-element elementor-element-7c23cd27\" data-id=\"7c23cd27\" data-element_type=\"column\">\n\t\t\t<div class=\"elementor-widget-wrap elementor-element-populated\">\n\t\t\t\t\t\t\t\t<div class=\"elementor-element elementor-element-2c68dec8 elementor-widget elementor-widget-heading\" data-id=\"2c68dec8\" data-element_type=\"widget\" data-widget_type=\"heading.default\">\n\t\t\t\t<div class=\"elementor-widget-container\">\n\t\t\t<style>\/*! elementor - v3.5.2 - 22-12-2021 *\/\n.elementor-heading-title{padding:0;margin:0;line-height:1}.elementor-widget-heading .elementor-heading-title[class*=elementor-size-]>a{color:inherit;font-size:inherit;line-height:inherit}.elementor-widget-heading .elementor-heading-title.elementor-size-small{font-size:15px}.elementor-widget-heading .elementor-heading-title.elementor-size-medium{font-size:19px}.elementor-widget-heading .elementor-heading-title.elementor-size-large{font-size:29px}.elementor-widget-heading .elementor-heading-title.elementor-size-xl{font-size:39px}.elementor-widget-heading .elementor-heading-title.elementor-size-xxl{font-size:59px}<\/style><h1 class=\"elementor-heading-title elementor-size-default\">Materijali<\/h1>\t\t<\/div>\n\t\t\t\t<\/div>\n\t\t\t\t\t<\/div>\n\t\t<\/div>\n\t\t\t\t\t\t\t<\/div>\n\t\t<\/section>\n\t\t\t\t<section class=\"elementor-section elementor-top-section elementor-element elementor-element-6e8aeb90 elementor-section-boxed elementor-section-height-default elementor-section-height-default\" data-id=\"6e8aeb90\" data-element_type=\"section\">\n\t\t\t\t\t\t<div class=\"elementor-container elementor-column-gap-default\">\n\t\t\t\t\t<div class=\"elementor-column elementor-col-100 elementor-top-column elementor-element elementor-element-7d082d04\" data-id=\"7d082d04\" data-element_type=\"column\">\n\t\t\t<div class=\"elementor-widget-wrap elementor-element-populated\">\n\t\t\t\t\t\t\t\t<div class=\"elementor-element elementor-element-30e4127c elementor-widget elementor-widget-heading\" data-id=\"30e4127c\" data-element_type=\"widget\" data-widget_type=\"heading.default\">\n\t\t\t\t<div class=\"elementor-widget-container\">\n\t\t\t<h3 class=\"elementor-heading-title elementor-size-default\">PREUZIMANJA<\/h3>\t\t<\/div>\n\t\t\t\t<\/div>\n\t\t\t\t\t<\/div>\n\t\t<\/div>\n\t\t\t\t\t\t\t<\/div>\n\t\t<\/section>\n\t\t\t\t<section class=\"elementor-section elementor-top-section elementor-element elementor-element-401c6c5 elementor-section-boxed elementor-section-height-default elementor-section-height-default\" data-id=\"401c6c5\" data-element_type=\"section\">\n\t\t\t\t\t\t<div class=\"elementor-container elementor-column-gap-default\">\n\t\t\t\t\t<div class=\"elementor-column elementor-col-100 elementor-top-column elementor-element elementor-element-5584060\" data-id=\"5584060\" data-element_type=\"column\">\n\t\t\t<div class=\"elementor-widget-wrap elementor-element-populated\">\n\t\t\t\t\t\t\t\t<div class=\"elementor-element elementor-element-1ed6e0b elementor-widget elementor-widget-button\" data-id=\"1ed6e0b\" data-element_type=\"widget\" data-widget_type=\"button.default\">\n\t\t\t\t<div class=\"elementor-widget-container\">\n\t\t\t\t\t<div class=\"elementor-button-wrapper\">\n\t\t\t<a href=\"https:\/\/db.hr\/sinoda\/wp-content\/uploads\/2022\/01\/Letak_Sinoda_DB.pdf\" target=\"_blank\" class=\"elementor-button-link elementor-button elementor-size-md\" role=\"button\">\n\t\t\t\t\t\t<span class=\"elementor-button-content-wrapper\">\n\t\t\t\t\t\t<span class=\"elementor-button-text\">BRO\u0160URA SINODE<\/span>\n\t\t<\/span>\n\t\t\t\t\t<\/a>\n\t\t<\/div>\n\t\t\t\t<\/div>\n\t\t\t\t<\/div>\n\t\t\t\t<div class=\"elementor-element elementor-element-b3887d5 elementor-widget elementor-widget-button\" data-id=\"b3887d5\" data-element_type=\"widget\" data-widget_type=\"button.default\">\n\t\t\t\t<div class=\"elementor-widget-container\">\n\t\t\t\t\t<div class=\"elementor-button-wrapper\">\n\t\t\t<a href=\"https:\/\/db.hr\/sinoda\/wp-content\/uploads\/2022\/01\/Slicice_Sinoda_DB.pdf\" target=\"_blank\" class=\"elementor-button-link elementor-button elementor-size-md\" role=\"button\">\n\t\t\t\t\t\t<span class=\"elementor-button-content-wrapper\">\n\t\t\t\t\t\t<span class=\"elementor-button-text\">SLI\u010cICE<\/span>\n\t\t<\/span>\n\t\t\t\t\t<\/a>\n\t\t<\/div>\n\t\t\t\t<\/div>\n\t\t\t\t<\/div>\n\t\t\t\t<div class=\"elementor-element elementor-element-c2d5726 elementor-widget elementor-widget-button\" data-id=\"c2d5726\" data-element_type=\"widget\" data-widget_type=\"button.default\">\n\t\t\t\t<div class=\"elementor-widget-container\">\n\t\t\t\t\t<div class=\"elementor-button-wrapper\">\n\t\t\t<a href=\"https:\/\/db.hr\/sinoda\/wp-content\/uploads\/2022\/01\/Plakat_B1_Sinoda.pdf\" target=\"_blank\" class=\"elementor-button-link elementor-button elementor-size-md\" role=\"button\">\n\t\t\t\t\t\t<span class=\"elementor-button-content-wrapper\">\n\t\t\t\t\t\t<span class=\"elementor-button-text\">PLAKAT SINODE<\/span>\n\t\t<\/span>\n\t\t\t\t\t<\/a>\n\t\t<\/div>\n\t\t\t\t<\/div>\n\t\t\t\t<\/div>\n\t\t\t\t\t<\/div>\n\t\t<\/div>\n\t\t\t\t\t\t\t<\/div>\n\t\t<\/section>\n\t\t\t\t<section class=\"elementor-section elementor-top-section elementor-element elementor-element-2535092 elementor-section-boxed elementor-section-height-default elementor-section-height-default\" data-id=\"2535092\" data-element_type=\"section\">\n\t\t\t\t\t\t<div class=\"elementor-container elementor-column-gap-default\">\n\t\t\t\t\t<div class=\"elementor-column elementor-col-100 elementor-top-column elementor-element elementor-element-20f550f\" data-id=\"20f550f\" data-element_type=\"column\">\n\t\t\t<div class=\"elementor-widget-wrap elementor-element-populated\">\n\t\t\t\t\t\t\t\t<div class=\"elementor-element elementor-element-c8e0795 elementor-widget elementor-widget-heading\" data-id=\"c8e0795\" data-element_type=\"widget\" data-widget_type=\"heading.default\">\n\t\t\t\t<div class=\"elementor-widget-container\">\n\t\t\t<h3 class=\"elementor-heading-title elementor-size-default\">DOKUMENTI<\/h3>\t\t<\/div>\n\t\t\t\t<\/div>\n\t\t\t\t\t<\/div>\n\t\t<\/div>\n\t\t\t\t\t\t\t<\/div>\n\t\t<\/section>\n\t\t\t\t<section class=\"elementor-section elementor-top-section elementor-element elementor-element-2043845 elementor-section-boxed elementor-section-height-default elementor-section-height-default\" data-id=\"2043845\" data-element_type=\"section\">\n\t\t\t\t\t\t<div class=\"elementor-container elementor-column-gap-default\">\n\t\t\t\t\t<div class=\"elementor-column elementor-col-100 elementor-top-column elementor-element elementor-element-624d533\" data-id=\"624d533\" data-element_type=\"column\">\n\t\t\t<div class=\"elementor-widget-wrap elementor-element-populated\">\n\t\t\t\t\t\t\t\t<div class=\"elementor-element elementor-element-5b5a9a3 elementor-widget elementor-widget-button\" data-id=\"5b5a9a3\" data-element_type=\"widget\" data-widget_type=\"button.default\">\n\t\t\t\t<div class=\"elementor-widget-container\">\n\t\t\t\t\t<div class=\"elementor-button-wrapper\">\n\t\t\t<a href=\"https:\/\/db.hr\/sinoda\/wp-content\/uploads\/2021\/12\/Alati-za-promisljanje.pdf\" target=\"_blank\" class=\"elementor-button-link elementor-button elementor-size-md\" role=\"button\">\n\t\t\t\t\t\t<span class=\"elementor-button-content-wrapper\">\n\t\t\t\t\t\t<span class=\"elementor-button-text\">ALATI ZA PROMI\u0160LJANJE<\/span>\n\t\t<\/span>\n\t\t\t\t\t<\/a>\n\t\t<\/div>\n\t\t\t\t<\/div>\n\t\t\t\t<\/div>\n\t\t\t\t<div class=\"elementor-element elementor-element-7e77841 elementor-widget elementor-widget-button\" data-id=\"7e77841\" data-element_type=\"widget\" data-widget_type=\"button.default\">\n\t\t\t\t<div class=\"elementor-widget-container\">\n\t\t\t\t\t<div class=\"elementor-button-wrapper\">\n\t\t\t<a href=\"https:\/\/db.hr\/sinoda\/wp-content\/uploads\/2021\/12\/Pripremni-dokument-Sinoda-o-sinodalnosti.pdf\" target=\"_blank\" class=\"elementor-button-link elementor-button elementor-size-md\" role=\"button\">\n\t\t\t\t\t\t<span class=\"elementor-button-content-wrapper\">\n\t\t\t\t\t\t<span class=\"elementor-button-text\">PRIPREMNI DOKUMENT ZA SINODU<\/span>\n\t\t<\/span>\n\t\t\t\t\t<\/a>\n\t\t<\/div>\n\t\t\t\t<\/div>\n\t\t\t\t<\/div>\n\t\t\t\t<div class=\"elementor-element elementor-element-6de3d0d elementor-widget elementor-widget-button\" data-id=\"6de3d0d\" data-element_type=\"widget\" data-widget_type=\"button.default\">\n\t\t\t\t<div class=\"elementor-widget-container\">\n\t\t\t\t\t<div class=\"elementor-button-wrapper\">\n\t\t\t<a href=\"https:\/\/db.hr\/sinoda\/wp-content\/uploads\/2021\/12\/molitva-HBK.pdf\" class=\"elementor-button-link elementor-button elementor-size-md\" role=\"button\">\n\t\t\t\t\t\t<span class=\"elementor-button-content-wrapper\">\n\t\t\t\t\t\t<span class=\"elementor-button-text\">MOLITVA HRVATSKE BISKUPSKE KONFERENCIJE<\/span>\n\t\t<\/span>\n\t\t\t\t\t<\/a>\n\t\t<\/div>\n\t\t\t\t<\/div>\n\t\t\t\t<\/div>\n\t\t\t\t<div class=\"elementor-element elementor-element-a8db411 elementor-widget elementor-widget-button\" data-id=\"a8db411\" data-element_type=\"widget\" data-widget_type=\"button.default\">\n\t\t\t\t<div class=\"elementor-widget-container\">\n\t\t\t\t\t<div class=\"elementor-button-wrapper\">\n\t\t\t<a href=\"https:\/\/db.hr\/sinoda\/wp-content\/uploads\/2021\/12\/Povjerenik-tim-za-kontakt-u-biskupiji.pdf\" target=\"_blank\" class=\"elementor-button-link elementor-button elementor-size-md\" role=\"button\">\n\t\t\t\t\t\t<span class=\"elementor-button-content-wrapper\">\n\t\t\t\t\t\t<span class=\"elementor-button-text\">POVJERENIK - TIM ZA KONTAKT U BISKUPIJI<\/span>\n\t\t<\/span>\n\t\t\t\t\t<\/a>\n\t\t<\/div>\n\t\t\t\t<\/div>\n\t\t\t\t<\/div>\n\t\t\t\t<div class=\"elementor-element elementor-element-d74efdb elementor-widget elementor-widget-button\" data-id=\"d74efdb\" data-element_type=\"widget\" data-widget_type=\"button.default\">\n\t\t\t\t<div class=\"elementor-widget-container\">\n\t\t\t\t\t<div class=\"elementor-button-wrapper\">\n\t\t\t<a href=\"https:\/\/db.hr\/sinoda\/wp-content\/uploads\/2021\/12\/Uocavanje-puta-za-vasu-biskupiju.pdf\" target=\"_blank\" class=\"elementor-button-link elementor-button elementor-size-md\" role=\"button\">\n\t\t\t\t\t\t<span class=\"elementor-button-content-wrapper\">\n\t\t\t\t\t\t<span class=\"elementor-button-text\">UO\u010cAVANJE PUTA ZA VA\u0160U BISKUPIJU<\/span>\n\t\t<\/span>\n\t\t\t\t\t<\/a>\n\t\t<\/div>\n\t\t\t\t<\/div>\n\t\t\t\t<\/div>\n\t\t\t\t<div class=\"elementor-element elementor-element-0a2f908 elementor-widget elementor-widget-button\" data-id=\"0a2f908\" data-element_type=\"widget\" data-widget_type=\"button.default\">\n\t\t\t\t<div class=\"elementor-widget-container\">\n\t\t\t\t\t<div class=\"elementor-button-wrapper\">\n\t\t\t<a href=\"https:\/\/db.hr\/sinoda\/wp-content\/uploads\/2021\/12\/Vademecum-za-Sinodu-o-sinodalnosti.pdf\" target=\"_blank\" class=\"elementor-button-link elementor-button elementor-size-md\" role=\"button\">\n\t\t\t\t\t\t<span class=\"elementor-button-content-wrapper\">\n\t\t\t\t\t\t<span class=\"elementor-button-text\">VADEMECUM ZA SINODU: O SINODALNOSTI<\/span>\n\t\t<\/span>\n\t\t\t\t\t<\/a>\n\t\t<\/div>\n\t\t\t\t<\/div>\n\t\t\t\t<\/div>\n\t\t\t\t<div class=\"elementor-element elementor-element-70686b9 elementor-widget elementor-widget-button\" data-id=\"70686b9\" data-element_type=\"widget\" data-widget_type=\"button.default\">\n\t\t\t\t<div class=\"elementor-widget-container\">\n\t\t\t\t\t<div class=\"elementor-button-wrapper\">\n\t\t\t<a href=\"https:\/\/db.hr\/sinoda\/wp-content\/uploads\/2021\/12\/Pismo-kardinala-Kurta-Kocha-i-kardinala-Maria-Grecha-o-ekumenskoj-dimenziji-sinodskog-savjetovanja.pdf\" target=\"_blank\" class=\"elementor-button-link elementor-button elementor-size-md\" role=\"button\">\n\t\t\t\t\t\t<span class=\"elementor-button-content-wrapper\">\n\t\t\t\t\t\t<span class=\"elementor-button-text\">PISMO KARDINALA KURTA KOCHA I KARDINALA MARIA GRECHA<\/span>\n\t\t<\/span>\n\t\t\t\t\t<\/a>\n\t\t<\/div>\n\t\t\t\t<\/div>\n\t\t\t\t<\/div>\n\t\t\t\t<div class=\"elementor-element elementor-element-e791f0b elementor-widget elementor-widget-button\" data-id=\"e791f0b\" data-element_type=\"widget\" data-widget_type=\"button.default\">\n\t\t\t\t<div class=\"elementor-widget-container\">\n\t\t\t\t\t<div class=\"elementor-button-wrapper\">\n\t\t\t<a href=\"https:\/\/db.hr\/sinoda\/wp-content\/uploads\/2021\/12\/Prijedlozi-za-liturgijsko-slavlje-otvaranja-Sinode.pdf\" target=\"_blank\" class=\"elementor-button-link elementor-button elementor-size-md\" role=\"button\">\n\t\t\t\t\t\t<span class=\"elementor-button-content-wrapper\">\n\t\t\t\t\t\t<span class=\"elementor-button-text\">PRIJEDLOZI ZA LITURGIJSKO SLAVLJE OTVARANJA SINODE<\/span>\n\t\t<\/span>\n\t\t\t\t\t<\/a>\n\t\t<\/div>\n\t\t\t\t<\/div>\n\t\t\t\t<\/div>\n\t\t\t\t\t<\/div>\n\t\t<\/div>\n\t\t\t\t\t\t\t<\/div>\n\t\t<\/section>\n\t\t\t\t\t\t<\/div>\n\t\t\t\t\t<\/div>\n\t\t","protected":false},"excerpt":{"rendered":"<p>Materijali PREUZIMANJA BRO\u0160URA SINODE SLI\u010cICE PLAKAT SINODE DOKUMENTI ALATI ZA PROMI\u0160LJANJE PRIPREMNI DOKUMENT ZA SINODU MOLITVA HRVATSKE BISKUPSKE KONFERENCIJE POVJERENIK &#8211; TIM ZA KONTAKT U BISKUPIJI UO\u010cAVANJE PUTA ZA VA\u0160U BISKUPIJU VADEMECUM ZA SINODU: O SINODALNOSTI PISMO KARDINALA KURTA KOCHA I KARDINALA MARIA GRECHA PRIJEDLOZI ZA LITURGIJSKO SLAVLJE OTVARANJA SINODE<\/p>\n","protected":false},"author":1,"featured_media":0,"parent":0,"menu_order":0,"comment_status":"closed","ping_status":"closed","template":"","meta":{"_ti_tpc_template_sync":false,"_ti_tpc_template_id":"","footnotes":""},"class_list":["post-212","page","type-page","status-publish","hentry"],"yoast_head":"<!-- This site is optimized with the Yoast SEO plugin v17.8 - https:\/\/yoast.com\/wordpress\/plugins\/seo\/ -->\n<meta name=\"robots\" content=\"index, follow, max-snippet:-1, max-image-preview:large, max-video-preview:-1\" \/>\n<link rel=\"canonical\" href=\"https:\/\/db.hr\/sinoda\/materijali\/\" \/>\n<meta property=\"og:locale\" content=\"hr_HR\" \/>\n<meta property=\"og:type\" content=\"article\" \/>\n<meta property=\"og:title\" content=\"Materijali - Sinoda 2021-2023\" \/>\n<meta property=\"og:description\" content=\"Materijali PREUZIMANJA BRO\u0160URA SINODE SLI\u010cICE PLAKAT SINODE DOKUMENTI ALATI ZA PROMI\u0160LJANJE PRIPREMNI DOKUMENT ZA SINODU MOLITVA HRVATSKE BISKUPSKE KONFERENCIJE POVJERENIK &#8211; TIM ZA KONTAKT U BISKUPIJI UO\u010cAVANJE PUTA ZA VA\u0160U BISKUPIJU VADEMECUM ZA SINODU: O SINODALNOSTI PISMO KARDINALA KURTA KOCHA I KARDINALA MARIA GRECHA PRIJEDLOZI ZA LITURGIJSKO SLAVLJE OTVARANJA SINODE\" \/>\n<meta property=\"og:url\" content=\"https:\/\/db.hr\/sinoda\/materijali\/\" \/>\n<meta property=\"og:site_name\" content=\"Sinoda 2021-2023\" \/>\n<meta property=\"article:modified_time\" content=\"2022-01-10T14:20:37+00:00\" \/>\n<meta name=\"twitter:card\" content=\"summary_large_image\" \/>\n<script type=\"application\/ld+json\" class=\"yoast-schema-graph\">{\"@context\":\"https:\/\/schema.org\",\"@graph\":[{\"@type\":\"WebSite\",\"@id\":\"https:\/\/db.hr\/sinoda\/#website\",\"url\":\"https:\/\/db.hr\/sinoda\/\",\"name\":\"Sinoda 2021-2023\",\"description\":\"Dubrova\\u010dka biskupija - SINODA 2021-2023\",\"potentialAction\":[{\"@type\":\"SearchAction\",\"target\":{\"@type\":\"EntryPoint\",\"urlTemplate\":\"https:\/\/db.hr\/sinoda\/?s={search_term_string}\"},\"query-input\":\"required name=search_term_string\"}],\"inLanguage\":\"hr\"},{\"@type\":\"WebPage\",\"@id\":\"https:\/\/db.hr\/sinoda\/materijali\/#webpage\",\"url\":\"https:\/\/db.hr\/sinoda\/materijali\/\",\"name\":\"Materijali - Sinoda 2021-2023\",\"isPartOf\":{\"@id\":\"https:\/\/db.hr\/sinoda\/#website\"},\"datePublished\":\"2021-12-16T15:40:59+00:00\",\"dateModified\":\"2022-01-10T14:20:37+00:00\",\"breadcrumb\":{\"@id\":\"https:\/\/db.hr\/sinoda\/materijali\/#breadcrumb\"},\"inLanguage\":\"hr\",\"potentialAction\":[{\"@type\":\"ReadAction\",\"target\":[\"https:\/\/db.hr\/sinoda\/materijali\/\"]}]},{\"@type\":\"BreadcrumbList\",\"@id\":\"https:\/\/db.hr\/sinoda\/materijali\/#breadcrumb\",\"itemListElement\":[{\"@type\":\"ListItem\",\"position\":1,\"name\":\"Po\\u010detna stranica\",\"item\":\"https:\/\/db.hr\/sinoda\/\"},{\"@type\":\"ListItem\",\"position\":2,\"name\":\"Materijali\"}]}]}<\/script>\n<!-- \/ Yoast SEO plugin. -->","yoast_head_json":{"robots":{"index":"index","follow":"follow","max-snippet":"max-snippet:-1","max-image-preview":"max-image-preview:large","max-video-preview":"max-video-preview:-1"},"canonical":"https:\/\/db.hr\/sinoda\/materijali\/","og_locale":"hr_HR","og_type":"article","og_title":"Materijali - Sinoda 2021-2023","og_description":"Materijali PREUZIMANJA BRO\u0160URA SINODE SLI\u010cICE PLAKAT SINODE DOKUMENTI ALATI ZA PROMI\u0160LJANJE PRIPREMNI DOKUMENT ZA SINODU MOLITVA HRVATSKE BISKUPSKE KONFERENCIJE POVJERENIK &#8211; TIM ZA KONTAKT U BISKUPIJI UO\u010cAVANJE PUTA ZA VA\u0160U BISKUPIJU VADEMECUM ZA SINODU: O SINODALNOSTI PISMO KARDINALA KURTA KOCHA I KARDINALA MARIA GRECHA PRIJEDLOZI ZA LITURGIJSKO SLAVLJE OTVARANJA SINODE","og_url":"https:\/\/db.hr\/sinoda\/materijali\/","og_site_name":"Sinoda 2021-2023","article_modified_time":"2022-01-10T14:20:37+00:00","twitter_card":"summary_large_image","schema":{"@context":"https:\/\/schema.org","@graph":[{"@type":"WebSite","@id":"https:\/\/db.hr\/sinoda\/#website","url":"https:\/\/db.hr\/sinoda\/","name":"Sinoda 2021-2023","description":"Dubrova\u010dka biskupija - SINODA 2021-2023","potentialAction":[{"@type":"SearchAction","target":{"@type":"EntryPoint","urlTemplate":"https:\/\/db.hr\/sinoda\/?s={search_term_string}"},"query-input":"required name=search_term_string"}],"inLanguage":"hr"},{"@type":"WebPage","@id":"https:\/\/db.hr\/sinoda\/materijali\/#webpage","url":"https:\/\/db.hr\/sinoda\/materijali\/","name":"Materijali - Sinoda 2021-2023","isPartOf":{"@id":"https:\/\/db.hr\/sinoda\/#website"},"datePublished":"2021-12-16T15:40:59+00:00","dateModified":"2022-01-10T14:20:37+00:00","breadcrumb":{"@id":"https:\/\/db.hr\/sinoda\/materijali\/#breadcrumb"},"inLanguage":"hr","potentialAction":[{"@type":"ReadAction","target":["https:\/\/db.hr\/sinoda\/materijali\/"]}]},{"@type":"BreadcrumbList","@id":"https:\/\/db.hr\/sinoda\/materijali\/#breadcrumb","itemListElement":[{"@type":"ListItem","position":1,"name":"Po\u010detna stranica","item":"https:\/\/db.hr\/sinoda\/"},{"@type":"ListItem","position":2,"name":"Materijali"}]}]}},"_links":{"self":[{"href":"https:\/\/db.hr\/sinoda\/wp-json\/wp\/v2\/pages\/212","targetHints":{"allow":["GET"]}}],"collection":[{"href":"https:\/\/db.hr\/sinoda\/wp-json\/wp\/v2\/pages"}],"about":[{"href":"https:\/\/db.hr\/sinoda\/wp-json\/wp\/v2\/types\/page"}],"author":[{"embeddable":true,"href":"https:\/\/db.hr\/sinoda\/wp-json\/wp\/v2\/users\/1"}],"replies":[{"embeddable":true,"href":"https:\/\/db.hr\/sinoda\/wp-json\/wp\/v2\/comments?post=212"}],"version-history":[{"count":90,"href":"https:\/\/db.hr\/sinoda\/wp-json\/wp\/v2\/pages\/212\/revisions"}],"predecessor-version":[{"id":723,"href":"https:\/\/db.hr\/sinoda\/wp-json\/wp\/v2\/pages\/212\/revisions\/723"}],"wp:attachment":[{"href":"https:\/\/db.hr\/sinoda\/wp-json\/wp\/v2\/media?parent=212"}],"curies":[{"name":"wp","href":"https:\/\/api.w.org\/{rel}","templated":true}]}}